{"id":10648,"date":"2019-08-22T10:23:04","date_gmt":"2019-08-22T08:23:04","guid":{"rendered":"https:\/\/schweizerfinanzblog.ch\/mentions-legales\/"},"modified":"2024-12-16T09:43:51","modified_gmt":"2024-12-16T08:43:51","slug":"mentions-legales","status":"publish","type":"page","link":"https:\/\/schweizerfinanzblog.ch\/fr\/mentions-legales\/","title":{"rendered":"Mentions l\u00e9gales"},"content":{"rendered":"\n<div style=\"height:100px\">\n\t\n\t\n<\/div>\n<div class=\"underlined-title container\">\n\t<h1 style=\"font-size:42px\">\n\t\tMentions l\u00e9gales\t<\/h1>\n\t<div class=\"title-underline\">\n\t\t\n\t\t\n\t<\/div>\n<\/div>\n\n<style>\n\t\n\t.underlined-title h1{\n\t\tcolor: #000;\n\t\tfont-family: \"Montserrat\", Sans-serif;\n\t\tfont-weight: 700;\n\t\tmargin-bottom:0px;\n\t}\n\t\n\t.title-underline{\n\t\tborder-top:2px solid #36c591;\n\t\tdisplay:inline-block;\n\t\twidth:100px;\n\t}\n\t\n\t\n\t@media screen and (max-width:1399px){\n\t\t.underlined-title h1{\n\t\t\tfont-size:30px!important;\n\t\t}\n\t}\n<\/style>\n<div style=\"height:21px\">\n\t\n\t\n<\/div>\n\n<div class=\"container\" id=\"content-component\">\n    <p><!-- wp:acf\/content {\"id\":\"block_6325c630eb24b\",\"name\":\"acf\/content\",\"data\":{\"field_63222a9c8d836\":\"\"},\"align\":\"\",\"mode\":\"preview\"} \/--><\/p>\n<p>Responsables du contenu de ce site : Stefan &amp; Toni Contact : mail@schweizerfinanzblog.ch Disclaimer Tous les textes et liens ont \u00e9t\u00e9 soigneusement v\u00e9rifi\u00e9s et sont mis \u00e0 jour en permanence. Nous nous effor\u00e7ons de fournir des informations exactes et compl\u00e8tes sur ce site, mais nous n&rsquo;assumons aucune responsabilit\u00e9, garantie ou responsabilit\u00e9 quant \u00e0 l&rsquo;exactitude, l&rsquo;exhaustivit\u00e9 ou l&rsquo;actualit\u00e9 des informations fournies par le biais de ce site. Nous nous r\u00e9servons le droit de modifier les informations contenues dans ce site \u00e0 tout moment et sans pr\u00e9avis, et nous ne nous engageons pas \u00e0 mettre \u00e0 jour les informations contenues. L&rsquo;exactitude de tous les liens vers des fournisseurs externes a \u00e9t\u00e9 v\u00e9rifi\u00e9e au moment de leur inclusion, mais nous ne sommes pas responsables du contenu et de la disponibilit\u00e9 des sites Web accessibles par des hyperliens. Seul le fournisseur de la page \u00e0 laquelle il a \u00e9t\u00e9 fait r\u00e9f\u00e9rence est responsable des contenus ill\u00e9gaux, erron\u00e9s ou incomplets et en particulier des dommages caus\u00e9s par les contenus des pages li\u00e9es. Il est indiff\u00e9rent que le dommage soit de nature directe, indirecte ou financi\u00e8re ou qu&rsquo;il s&rsquo;agisse d&rsquo;un autre dommage pouvant r\u00e9sulter d&rsquo;une perte de donn\u00e9es, d&rsquo;une perte d&rsquo;utilisation ou de toute autre cause de quelque nature que ce soit.<\/p>\n<\/div>\n\n<style>\n    #content-component{\n\t\tcolor: #000 \/* rgb(102,102,102);*\/\n    }\n\t\n\t#content-component img{\n\t\twidth:100%;\n\t\theight:auto;\n\t}\n\t\n\t#content-component iframe{\n\t\tmax-width:100%;\n\t}\n\t\n\t@media (max-width:992px){\n\t\th2{\n\t\t\tfont-size:2rem;\n\t\t}\n\t}\n<\/style>\n","protected":false},"excerpt":{"rendered":"","protected":false},"author":1,"featured_media":0,"parent":0,"menu_order":0,"comment_status":"closed","ping_status":"closed","template":"","meta":{"_acf_changed":false,"inline_featured_image":false,"footnotes":""},"class_list":["post-10648","page","type-page","status-publish","hentry"],"acf":[],"_links":{"self":[{"href":"https:\/\/schweizerfinanzblog.ch\/fr\/wp-json\/wp\/v2\/pages\/10648","targetHints":{"allow":["GET"]}}],"collection":[{"href":"https:\/\/schweizerfinanzblog.ch\/fr\/wp-json\/wp\/v2\/pages"}],"about":[{"href":"https:\/\/schweizerfinanzblog.ch\/fr\/wp-json\/wp\/v2\/types\/page"}],"author":[{"embeddable":true,"href":"https:\/\/schweizerfinanzblog.ch\/fr\/wp-json\/wp\/v2\/users\/1"}],"replies":[{"embeddable":true,"href":"https:\/\/schweizerfinanzblog.ch\/fr\/wp-json\/wp\/v2\/comments?post=10648"}],"version-history":[{"count":1,"href":"https:\/\/schweizerfinanzblog.ch\/fr\/wp-json\/wp\/v2\/pages\/10648\/revisions"}],"predecessor-version":[{"id":10649,"href":"https:\/\/schweizerfinanzblog.ch\/fr\/wp-json\/wp\/v2\/pages\/10648\/revisions\/10649"}],"wp:attachment":[{"href":"https:\/\/schweizerfinanzblog.ch\/fr\/wp-json\/wp\/v2\/media?parent=10648"}],"curies":[{"name":"wp","href":"https:\/\/api.w.org\/{rel}","templated":true}]}}