{"id":10650,"date":"2018-12-22T18:17:42","date_gmt":"2018-12-22T17:17:42","guid":{"rendered":"https:\/\/schweizerfinanzblog.ch\/apprendre-a-investir-en-huit-lecons\/"},"modified":"2026-02-14T09:53:36","modified_gmt":"2026-02-14T08:53:36","slug":"investir-dans-8-lecons","status":"publish","type":"page","link":"https:\/\/schweizerfinanzblog.ch\/fr\/investir-dans-8-lecons\/","title":{"rendered":"Apprendre \u00e0 investir &#8211; en huit le\u00e7ons"},"content":{"rendered":"\n<div style=\"height:120px\">\n\t\n\t\n<\/div>\n<div class=\"underlined-title container\">\n\t<h1 style=\"font-size:42px\">\n\t\tApprendre \u00e0 investir &#8211; en huit le\u00e7ons\t<\/h1>\n\t<div class=\"title-underline\">\n\t\t\n\t\t\n\t<\/div>\n<\/div>\n\n<style>\n\t\n\t.underlined-title h1{\n\t\tcolor: #000;\n\t\tfont-family: \"Montserrat\", Sans-serif;\n\t\tfont-weight: 700;\n\t\tmargin-bottom:0px;\n\t}\n\t\n\t.title-underline{\n\t\tborder-top:2px solid #36c591;\n\t\tdisplay:inline-block;\n\t\twidth:100px;\n\t}\n\t\n\t\n\t@media screen and (max-width:1399px){\n\t\t.underlined-title h1{\n\t\t\tfont-size:30px!important;\n\t\t}\n\t}\n<\/style>\n<div style=\"height:20px\">\n\t\n\t\n<\/div>\n\n<div class=\"container\" id=\"content-component\">\n    <p data-start=\"783\" data-end=\"848\"><strong><span style=\"font-size: 14pt;\">Investir n&rsquo;est pas un jeu de hasard.  <\/span><\/strong><\/p>\n<p data-start=\"783\" data-end=\"848\"><span style=\"font-size: 14pt;\">Et pas un privil\u00e8ge pour les banquiers.  <\/span><\/p>\n<p data-start=\"783\" data-end=\"848\"><span style=\"font-size: 14pt;\">C&rsquo;est une comp\u00e9tence que vous pouvez apprendre.  <\/span><\/p>\n<\/div>\n\n<style>\n    #content-component{\n\t\tcolor: #000 \/* rgb(102,102,102);*\/\n    }\n\t\n\t#content-component img{\n\t\twidth:100%;\n\t\theight:auto;\n\t}\n\t\n\t#content-component iframe{\n\t\tmax-width:100%;\n\t}\n\t\n\t@media (max-width:992px){\n\t\th2{\n\t\t\tfont-size:2rem;\n\t\t}\n\t}\n<\/style>\n\n<div style=\"height:40px\">\n\t\n\t\n<\/div>\n<div style=\"height:10px\">\n\t\n\t\n<\/div>\n<div class=\"container text-image-component\">\n\t<div class=\"row column-reverse\">\n\t\t<div class=\"col-12 col-lg-6 content\"> \t \n\t\t\t<p data-start=\"783\" data-end=\"848\"><span style=\"font-size: 14pt;\">Historiquement, les placements en actions largement diversifi\u00e9s \u00e0 l&rsquo;\u00e9chelle mondiale ont g\u00e9n\u00e9r\u00e9 environ 8% par an sur le long terme, soit nettement plus que les solutions d&rsquo;\u00e9pargne classiques.  <\/span><\/p>\n<p data-start=\"783\" data-end=\"848\"><span style=\"font-size: 14pt;\">Mais le succ\u00e8s de l&rsquo;investissement ne r\u00e9sulte pas de pr\u00e9visions, mais de principes.<\/span><\/p>\n<p data-start=\"1260\" data-end=\"1270\"><span style=\"font-size: 14pt;\">Dans ces huit le\u00e7ons, nous vous montrons \u00e9tape par \u00e9tape comment construire votre patrimoine de mani\u00e8re autonome et avec succ\u00e8s sur le long terme.<\/span><\/p>\n<p data-start=\"1260\" data-end=\"1270\"><strong><span style=\"font-size: 14pt;\">Vous apprenez<\/span><\/strong><\/p>\n<ul data-start=\"1272\" data-end=\"1526\">\n<li data-start=\"1272\" data-end=\"1318\">\n<p data-start=\"1274\" data-end=\"1318\"><span style=\"font-size: 14pt;\">pourquoi les actions sont sup\u00e9rieures \u00e0 long terme<\/span><\/p>\n<\/li>\n<li data-start=\"1319\" data-end=\"1372\">\n<p data-start=\"1321\" data-end=\"1372\"><span style=\"font-size: 14pt;\">pourquoi la diversification est votre principale protection<\/span><\/p>\n<\/li>\n<li data-start=\"1373\" data-end=\"1414\">\n<p data-start=\"1375\" data-end=\"1414\"><span style=\"font-size: 14pt;\">pourquoi le market timing ne fonctionne gu\u00e8re<\/span><\/p>\n<\/li>\n<li data-start=\"1415\" data-end=\"1474\">\n<p data-start=\"1417\" data-end=\"1474\"><span style=\"font-size: 14pt;\">pourquoi les ETF peu co\u00fbteux ont un avantage \u00e0 long terme<\/span><\/p>\n<\/li>\n<li data-start=\"1475\" data-end=\"1526\">\n<p data-start=\"1477\" data-end=\"1526\"><span style=\"font-size: 14pt;\">comment rester calme m\u00eame en p\u00e9riode de turbulences<\/span><\/p>\n<\/li>\n<\/ul>\n<p data-start=\"1528\" data-end=\"1584\"><span style=\"font-size: 14pt;\">Les fluctuations sont normales. La discipline est essentielle. <\/span><\/p>\n<p data-start=\"1586\" data-end=\"1614\"><span style=\"font-size: 14pt;\"><strong>Commencez par la le\u00e7on 1<\/strong> &#8211; et prenez vos finances en main.<\/span><\/p>\n\t\t<\/div>\n\t\t<div class=\"col-12 col-lg-6 mb-4 mb-lg-0\"> \t \n\t\t\t<img decoding=\"async\" class=\"w-100\" src=\"https:\/\/schweizerfinanzblog.ch\/wp-content\/uploads\/2019\/08\/investment-2.jpg\">\n\t\t<\/div>\n\t<\/div>\n<\/div>\n\n\n<style>\n\t.text-image-component .content{\n\t\tcolor: #000 \/* rgb(102,102,102);*\/\n\t}\n\t\n\t@media (max-width:992px){\n\t\t.column-reverse{\n\t\t\tflex-direction:column-reverse;\n\t\t}\n\t}\n\n<\/style>\n<div style=\"height:50px\">\n\t\n\t\n<\/div>\n\n<div class=\"zitat-component\">\n\t<h4>\n\t\t<p style=\"text-align: center;\"><span style=\"font-size: 14pt;\">\u00ab\u00a0Les pr\u00e9visions sont difficiles, surtout lorsqu&rsquo;elles concernent l&rsquo;avenir\u00a0\u00bb.<\/span><br \/>\n<span style=\"font-size: 14pt;\">&#8211; Mark Twain<\/span><\/p>\n\t<\/h4>\n<\/div>\n\n\n<style>\n\n\t.zitat-component *{\n\t\tcolor: #000;\n\t\tfont-family: \"Georgia\", Sans-serif;\n\t\tfont-size: 1.7rem;\n\t\tfont-style: italic;\n\t\tline-height: 1.4em;\n\t\t\n    \tfont-weight: 500;\n\t}\n\t\n\t@media (max-width:992px){\n\t\t.zitat-component *{\n\t\t\tfont-size: 1.1rem;\n\t\t}\n\t}\n\n\n<\/style>\n<div style=\"height:30px\">\n\t\n\t\n<\/div>\n<div class=\"container lections-for-investieren\">\n\t<div>\n\t\t<h2>\n\t\t\tVotre guide en huit \u00e9tapes\t\t<\/h2>\n\t\t<span class=\"title-underline\"><\/span>\n\t<\/div>\n\t\n\t<div class=\"row\">\n\t\t\n\t\t\t\t<div class=\"col-12 col-md-6 col-lg-3 mb-3\">\n\t\t\t<div class=\"front position-relative\" style=\"background-image: url(https:\/\/schweizerfinanzblog.ch\/wp-content\/uploads\/2019\/08\/lesson-bg1.jpg); color: #FFFFFF\">\n\t\t\t\t<div class=\"inner\">\n\t\t\t\t\t<div class=\"elementor-element elementor-element-c71b7e1 elementor-widget elementor-widget-heading\" data-id=\"c71b7e1\" data-element_type=\"widget\" data-widget_type=\"heading.default\">\n<div class=\"elementor-widget-container\">\n<h3 class=\"elementor-heading-title elementor-size-medium\"><span id=\"LEKTION_1\">LE\u00c7ON 1 :<\/span><\/h3>\n<\/div>\n<\/div>\n<div class=\"elementor-element elementor-element-3ec285f elementor-widget elementor-widget-text-editor\" data-id=\"3ec285f\" data-element_type=\"widget\" data-widget_type=\"text-editor.default\">\n<div class=\"elementor-widget-container\">\n<div class=\"elementor-text-editor elementor-clearfix\">A long terme<br \/>\nLes placements en actions<br \/>\nrapportent nettement mieux<br \/>\nque le compte d&rsquo;\u00e9pargne<\/div>\n<\/div>\n<\/div>\n\t\t\t\t\t<div>\n\t\t\t\t\t\t<a class=\"read-more-btn\" href=\"https:\/\/schweizerfinanzblog.ch\/geld-anlegen-zusammenhang-sparen-investieren\/\">En savoir plus<\/a>\n\t\t\t\t\t<\/div>\n\t\t\t\t<\/div>\n\t\t\t<\/div>\n\t\t<\/div>\n\n\t\t\t\t<div class=\"col-12 col-md-6 col-lg-3 mb-3\">\n\t\t\t<div class=\"front position-relative\" style=\"background-image: url(https:\/\/schweizerfinanzblog.ch\/wp-content\/uploads\/2019\/08\/lesson-bg2.jpg); color: #FFFFFF\">\n\t\t\t\t<div class=\"inner\">\n\t\t\t\t\t<div class=\"elementor-element elementor-element-5a82f67 elementor-widget elementor-widget-heading\" data-id=\"5a82f67\" data-element_type=\"widget\" data-widget_type=\"heading.default\">\n<div class=\"elementor-widget-container\">\n<h3 class=\"elementor-heading-title elementor-size-medium\"><span id=\"LEKTION_2\">LE\u00c7ON 2 :<\/span><\/h3>\n<\/div>\n<\/div>\n<div class=\"elementor-element elementor-element-d054092 elementor-widget elementor-widget-text-editor\" data-id=\"d054092\" data-element_type=\"widget\" data-widget_type=\"text-editor.default\">\n<div class=\"elementor-widget-container\">\n<div class=\"elementor-text-editor elementor-clearfix\">Rendement sans<br \/>\nrisque n&rsquo;existe pas<br \/>\n(malheureusement)<\/div>\n<\/div>\n<\/div>\n\t\t\t\t\t<div>\n\t\t\t\t\t\t<a class=\"read-more-btn\" href=\"https:\/\/schweizerfinanzblog.ch\/anlegen-das-magische-dreieck-der-geldanlage\/\">En savoir plus<\/a>\n\t\t\t\t\t<\/div>\n\t\t\t\t<\/div>\n\t\t\t<\/div>\n\t\t<\/div>\n\n\t\t\t\t<div class=\"col-12 col-md-6 col-lg-3 mb-3\">\n\t\t\t<div class=\"front position-relative\" style=\"background-image: url(https:\/\/schweizerfinanzblog.ch\/wp-content\/uploads\/2019\/08\/lesson-bg3.jpg); color: #FFFFFF\">\n\t\t\t\t<div class=\"inner\">\n\t\t\t\t\t<div class=\"elementor-element elementor-element-39bc3ab elementor-widget elementor-widget-heading\" data-id=\"39bc3ab\" data-element_type=\"widget\" data-widget_type=\"heading.default\">\n<div class=\"elementor-widget-container\">\n<h3 class=\"elementor-heading-title elementor-size-medium\"><span id=\"LEKTION_3\">LE\u00c7ON 3 :<\/span><\/h3>\n<\/div>\n<\/div>\n<div class=\"elementor-element elementor-element-5798c1f elementor-widget elementor-widget-text-editor\" data-id=\"5798c1f\" data-element_type=\"widget\" data-widget_type=\"text-editor.default\">\n<div class=\"elementor-widget-container\">\n<div class=\"elementor-text-editor elementor-clearfix\">Diversifier pour optimiser le rapport risque\/rendement<\/div>\n<\/div>\n<\/div>\n\t\t\t\t\t<div>\n\t\t\t\t\t\t<a class=\"read-more-btn\" href=\"https:\/\/schweizerfinanzblog.ch\/diversifikation\/\">En savoir plus<\/a>\n\t\t\t\t\t<\/div>\n\t\t\t\t<\/div>\n\t\t\t<\/div>\n\t\t<\/div>\n\n\t\t\t\t<div class=\"col-12 col-md-6 col-lg-3 mb-3\">\n\t\t\t<div class=\"front position-relative\" style=\"background-image: url(https:\/\/schweizerfinanzblog.ch\/wp-content\/uploads\/2019\/08\/organize-2.jpg); color: #FFFFFF\">\n\t\t\t\t<div class=\"inner\">\n\t\t\t\t\t<div class=\"elementor-element elementor-element-059ef72 elementor-widget elementor-widget-heading\" data-id=\"059ef72\" data-element_type=\"widget\" data-widget_type=\"heading.default\">\n<div class=\"elementor-widget-container\">\n<h3 class=\"elementor-heading-title elementor-size-medium\"><span id=\"LEKTION_4\">LE\u00c7ON 4 :<\/span><\/h3>\n<\/div>\n<\/div>\n<div class=\"elementor-element elementor-element-391db3c elementor-widget elementor-widget-text-editor\" data-id=\"391db3c\" data-element_type=\"widget\" data-widget_type=\"text-editor.default\">\n<div class=\"elementor-widget-container\">\n<div class=\"elementor-text-editor elementor-clearfix\">Organisez<br \/>\nvotre patrimoine<br \/>\nen fonction de votre profil de risque personnel<\/div>\n<\/div>\n<\/div>\n\t\t\t\t\t<div>\n\t\t\t\t\t\t<a class=\"read-more-btn\" href=\"https:\/\/schweizerfinanzblog.ch\/asset-allocation\/\">En savoir plus<\/a>\n\t\t\t\t\t<\/div>\n\t\t\t\t<\/div>\n\t\t\t<\/div>\n\t\t<\/div>\n\n\t\t\t\t<div class=\"col-12 col-md-6 col-lg-3 mb-3\">\n\t\t\t<div class=\"front position-relative\" style=\"background-image: url(https:\/\/schweizerfinanzblog.ch\/wp-content\/uploads\/2019\/08\/lesson-bg5.jpg); color: #FFFFFF\">\n\t\t\t\t<div class=\"inner\">\n\t\t\t\t\t<div class=\"elementor-element elementor-element-a6378ed elementor-widget elementor-widget-heading\" data-id=\"a6378ed\" data-element_type=\"widget\" data-widget_type=\"heading.default\">\n<div class=\"elementor-widget-container\">\n<h3 class=\"elementor-heading-title elementor-size-medium\"><span id=\"LEKTION_5\">LE\u00c7ON 5 :<\/span><\/h3>\n<\/div>\n<\/div>\n<div class=\"elementor-element elementor-element-6a1f45b elementor-widget elementor-widget-text-editor\" data-id=\"6a1f45b\" data-element_type=\"widget\" data-widget_type=\"text-editor.default\">\n<div class=\"elementor-widget-container\">\n<div class=\"elementor-text-editor elementor-clearfix\">Veillez \u00e0 l&rsquo;\u00e9quilibre de vos investissements<\/div>\n<\/div>\n<\/div>\n\t\t\t\t\t<div>\n\t\t\t\t\t\t<a class=\"read-more-btn\" href=\"https:\/\/schweizerfinanzblog.ch\/rebalancing\/\">En savoir plus<\/a>\n\t\t\t\t\t<\/div>\n\t\t\t\t<\/div>\n\t\t\t<\/div>\n\t\t<\/div>\n\n\t\t\t\t<div class=\"col-12 col-md-6 col-lg-3 mb-3\">\n\t\t\t<div class=\"front position-relative\" style=\"background-image: url(https:\/\/schweizerfinanzblog.ch\/wp-content\/uploads\/2019\/08\/lesson-bg6.jpg); color: #FFFFFF\">\n\t\t\t\t<div class=\"inner\">\n\t\t\t\t\t<div class=\"elementor-element elementor-element-1a0f47e elementor-widget elementor-widget-heading\" data-id=\"1a0f47e\" data-element_type=\"widget\" data-widget_type=\"heading.default\">\n<div class=\"elementor-widget-container\">\n<h3 class=\"elementor-heading-title elementor-size-medium\"><span id=\"LEKTION_6\">LE\u00c7ON 6 :<\/span><\/h3>\n<\/div>\n<\/div>\n<div class=\"elementor-element elementor-element-e08ee38 elementor-widget elementor-widget-text-editor\" data-id=\"e08ee38\" data-element_type=\"widget\" data-widget_type=\"text-editor.default\">\n<div class=\"elementor-widget-container\">\n<div class=\"elementor-text-editor elementor-clearfix\">Investissez passivement avec des ETF<\/div>\n<\/div>\n<\/div>\n\t\t\t\t\t<div>\n\t\t\t\t\t\t<a class=\"read-more-btn\" href=\"https:\/\/schweizerfinanzblog.ch\/etfs\/\">En savoir plus<\/a>\n\t\t\t\t\t<\/div>\n\t\t\t\t<\/div>\n\t\t\t<\/div>\n\t\t<\/div>\n\n\t\t\t\t<div class=\"col-12 col-md-6 col-lg-3 mb-3\">\n\t\t\t<div class=\"front position-relative\" style=\"background-image: url(https:\/\/schweizerfinanzblog.ch\/wp-content\/uploads\/2019\/08\/lesson-bg7.jpg); color: #FFFFFF\">\n\t\t\t\t<div class=\"inner\">\n\t\t\t\t\t<div class=\"elementor-element elementor-element-1120c09 elementor-widget elementor-widget-heading\" data-id=\"1120c09\" data-element_type=\"widget\" data-widget_type=\"heading.default\">\n<div class=\"elementor-widget-container\">\n<h3 class=\"elementor-heading-title elementor-size-medium\"><span id=\"LEKTION_7\">LE\u00c7ON 7 :<\/span><\/h3>\n<\/div>\n<\/div>\n<div class=\"elementor-element elementor-element-512d38c elementor-widget elementor-widget-text-editor\" data-id=\"512d38c\" data-element_type=\"widget\" data-widget_type=\"text-editor.default\">\n<div class=\"elementor-widget-container\">\n<div class=\"elementor-text-editor elementor-clearfix\">Choisissez des ETF \u00e0 faible co\u00fbt et de grande taille.<\/div>\n<\/div>\n<\/div>\n\t\t\t\t\t<div>\n\t\t\t\t\t\t<a class=\"read-more-btn\" href=\"https:\/\/schweizerfinanzblog.ch\/etfs-auswahl\/\">En savoir plus<\/a>\n\t\t\t\t\t<\/div>\n\t\t\t\t<\/div>\n\t\t\t<\/div>\n\t\t<\/div>\n\n\t\t\t\t<div class=\"col-12 col-md-6 col-lg-3 mb-3\">\n\t\t\t<div class=\"front position-relative\" style=\"background-image: url(https:\/\/schweizerfinanzblog.ch\/wp-content\/uploads\/2019\/08\/take-action1.jpg); color: #FFFFFF\">\n\t\t\t\t<div class=\"inner\">\n\t\t\t\t\t<div class=\"elementor-element elementor-element-5f60aec elementor-widget elementor-widget-heading\" data-id=\"5f60aec\" data-element_type=\"widget\" data-widget_type=\"heading.default\">\n<div class=\"elementor-widget-container\">\n<h3 class=\"elementor-heading-title elementor-size-medium\"><span id=\"LEKTION_8\">LE\u00c7ON 8 :<\/span><\/h3>\n<\/div>\n<\/div>\n<div class=\"elementor-element elementor-element-0a54b21 elementor-widget elementor-widget-text-editor\" data-id=\"0a54b21\" data-element_type=\"widget\" data-widget_type=\"text-editor.default\">\n<div class=\"elementor-widget-container\">\n<div class=\"elementor-text-editor elementor-clearfix\">Passez \u00e0 l&rsquo;action et investissez dans votre premier ETF<\/div>\n<\/div>\n<\/div>\n\t\t\t\t\t<div>\n\t\t\t\t\t\t<a class=\"read-more-btn\" href=\"https:\/\/schweizerfinanzblog.ch\/etf-kaufen-schweiz\/\">En savoir plus<\/a>\n\t\t\t\t\t<\/div>\n\t\t\t\t<\/div>\n\t\t\t<\/div>\n\t\t<\/div>\n\n\t\t\t<\/div>\n\t\t\n<\/div>\n\n\n<style>\n\t.lections-for-investieren h2{\n\t\ttext-align:center;\n\t\tcolor: #222222;\n\t\tfont-family: \"Montserrat\", Sans-serif;\n\t\tfont-size: 34px;\n\t\tfont-weight: 700;\n\t}\n\t\n\t.lections-for-investieren .title-underline{\n\t\tmargin:auto;\n\t\tdisplay:block;\n\t\tmargin-bottom:40px;\n\t}\n\t\n    .lektion-component{\n        background: #f7f7f7;\n        padding: 100px 0 100px 0;\n    }\n\n\t.read-more-btn{\n\t\tbackground-color: rgba(255, 255, 255, 0);\n   \t\tborder-style: solid;\n    \tborder-width: 1px 1px 1px 1px;\n\t\tdisplay: inline-block;\n\t\tline-height: 1;\n\t\tfont-size: 15px;\n\t\tpadding: 12px 24px;\n\t\t-webkit-border-radius: 3px;\n\t\tborder-radius: 3px;\n\t\tcolor: #fff;\n\t\tfill: #fff;\n\t\ttext-align: center;\n\t\t-webkit-transition: all .3s;\n\t\t-o-transition: all .3s;\n\t\ttransition: all .3s;\n\t\ttext-decoration:none;\n\t\tmargin-top:20px;\n\t\tposition:absolute;\n\t\tbottom:20px;\n\t}\n\t\n\t.read-more-btn:hover{\n\t\tbackground-color:white;\n\t\tcolor:black;\n\t}\n\n    .front{\n        background-size: cover;\n        background-position: center;\n        -webkit-transition: -webkit-transform .7s cubic-bezier(0.4, 0.2, 0.2, 1);\n        transition: -webkit-transform .7s cubic-bezier(0.4, 0.2, 0.2, 1);\n        -o-transition: transform .7s cubic-bezier(0.4, 0.2, 0.2, 1);\n        transition: transform .7s cubic-bezier(0.4, 0.2, 0.2, 1);\n        transition: transform .7s cubic-bezier(0.4, 0.2, 0.2, 1), -webkit-transform .7s cubic-bezier(0.4, 0.2, 0.2, 1);\n        -webkit-backface-visibility: hidden;\n        backface-visibility: hidden;\n        text-align: start;\n        min-height: 280px;\n        height: auto;\n    }\n\n\n    .inner{\n    \n        position: absolute;\n        width: 100%;\n        height: 100%;\n        -webkit-box-sizing: border-box;\n        box-sizing: border-box;\n        -webkit-perspective: inherit;\n        perspective: inherit;\n        z-index: 2;\n        padding: 35px;\n    \tbackground-color: #0000007f;\n    }\n\n    .inner h3 *,.front .inner span{\n        line-height: 1;\n        margin-bottom: 5px;\n        font-size: 16px;\n        font-weight: 700!important;\n        text-transform: uppercase;\n\t\tcolor:white!important;\n\t\tfont-size:19px;\n    }\n\n \n\n    .flip-card .front{\n        -webkit-transform: rotateY(0deg);\n        transform: rotateY(0deg);\n        -webkit-transform-style: preserve-3d;\n        transform-style: preserve-3d;\n    }\n\n\n\n    .front .inner p{\n        font-size: 2rem;\n        margin-bottom: 2rem;\n        position: relative;\n    }\n\n    .front .inner p:after{\n        content: '';\n        width: 4rem;\n        height: 2px;\n        position: absolute;\n        background: #C6D4DF;\n        display: block;\n        left: 0;\n        right: 0;\n        margin: 0 auto;\n        bottom: -.75rem;\n    }\n\n    .front .inner span{\n        color: rgba(255,255,255,0.7);\n        font-weight: 300;\n    }\n\n    .lektion-component h2{\n        padding: 0;\n        margin-bottom: 110px;\n        line-height: 1em;\n        color: #222222;\n        font-size: 25px;\n        font-weight: 700;\n        position: relative;\n    }\n    .lektion-component h2:after{\n        content: \"\";\n        position: absolute;\n        bottom: -20px;\n        left: 0;\n        width: 200px;\n        height: auto;\n        border-bottom: 2px solid #36c591;\n        margin-left: auto;\n        margin-right: auto;\n        right: 0;\n        text-align: center;\n    }\n    .lektion-btn{\n        font-size: 10px;\n        font-weight: 600;\n        text-transform: uppercase;\n        color: #ffffff;\n        background-color: #36c591;\n        border: 2px solid #36c591;\n        border-radius: 0;\n        padding: 15px 40px;\n        text-decoration: none;\n        position: relative;\n        margin-top: 50px;\n        margin-bottom: 10px;\n    }\n\n    .lektion-btn:hover{\n        color: #36c591;\n        background-color: #fff;\n        text-decoration: none;\n    }\n\n    @media screen and (min-width: 1400px) {\n        .lektion-component h2{\n            font-size: 42px;\n        }\n\n    }\n\n\t@media (max-width: 992px) {\n\t\t.lections-for-investieren h2{\n\t\t\tfont-size: 27px;\n\t\t}\n\t}\n\t\n    @media (min-width: 768px) and (max-width: 1399px) {\n        .lektion-component h2{\n            font-size: 30px;\n        }\n    }\n\n    @media (min-width: 576px){\n        .lektion-btn{\n            font-size: 16px;\n        }\n    }\n<\/style>\n\n<div style=\"height:50px\">\n\t\n\t\n<\/div>\n\n<div class=\"container\" id=\"content-component\">\n    <div class=\"elementor-element elementor-element-0e20106 elementor-widget elementor-widget-heading\" data-id=\"0e20106\" data-element_type=\"widget\" data-widget_type=\"heading.default\">\n<div class=\"elementor-widget-container\">\n<h3><strong>Trouver la solution financi\u00e8re qui vous convient<\/strong><\/h3>\n<\/div>\n<\/div>\n<div class=\"elementor-element elementor-element-1541b09 elementor-widget elementor-widget-text-editor\" data-id=\"1541b09\" data-element_type=\"widget\" data-widget_type=\"text-editor.default\">\n<div class=\"elementor-widget-container\">\n<div class=\"elementor-text-editor elementor-clearfix\">\n<p><span style=\"font-size: 14pt;\">Avec ces huit le\u00e7ons, vous disposez des outils n\u00e9cessaires pour investir votre argent. <\/span><span style=\"font-size: 14pt;\">Pour vous aider \u00e0 choisir concr\u00e8tement un prestataire appropri\u00e9, nous avons regroup\u00e9 nos analyses, comparaisons et exp\u00e9riences ind\u00e9pendantes sur une <a title=\"Nos recommandations\" href=\"https:\/\/schweizerfinanzblog.ch\/fr\/nos-recommandations\/\" target=\"_blank\" rel=\"noopener\">page de recommandations s\u00e9par\u00e9e<\/a>.<\/span><\/p>\n<p><!-- \/wp:tadv\/classic-paragraph --><\/p>\n<\/div>\n<\/div>\n<\/div>\n<\/div>\n\n<style>\n    #content-component{\n\t\tcolor: #000 \/* rgb(102,102,102);*\/\n    }\n\t\n\t#content-component img{\n\t\twidth:100%;\n\t\theight:auto;\n\t}\n\t\n\t#content-component iframe{\n\t\tmax-width:100%;\n\t}\n\t\n\t@media (max-width:992px){\n\t\th2{\n\t\t\tfont-size:2rem;\n\t\t}\n\t}\n<\/style>\n\n<div style=\"height:50px\">\n\t\n\t\n<\/div><div class=\"wp-block-image\">\n<figure class=\"aligncenter size-large\"><a href=\"https:\/\/schweizerfinanzblog.ch\/fr\/nos-recommandations\/\" target=\"_blank\" rel=\" noreferrer noopener\"><img decoding=\"async\" src=\"https:\/\/schweizerfinanzblog.ch\/wp-content\/uploads\/2026\/02\/Nos-Favoris_Kategorien-3-1080x620.png\" alt=\"Recommandations FR\" class=\"wp-image-15756\"\/><\/a><\/figure>\n<\/div>\n<div style=\"height:50px\">\n\t\n\t\n<\/div>","protected":false},"excerpt":{"rendered":"","protected":false},"author":1,"featured_media":0,"parent":0,"menu_order":0,"comment_status":"closed","ping_status":"closed","template":"","meta":{"_acf_changed":false,"inline_featured_image":false,"footnotes":""},"class_list":["post-10650","page","type-page","status-publish","hentry"],"acf":[],"_links":{"self":[{"href":"https:\/\/schweizerfinanzblog.ch\/fr\/wp-json\/wp\/v2\/pages\/10650","targetHints":{"allow":["GET"]}}],"collection":[{"href":"https:\/\/schweizerfinanzblog.ch\/fr\/wp-json\/wp\/v2\/pages"}],"about":[{"href":"https:\/\/schweizerfinanzblog.ch\/fr\/wp-json\/wp\/v2\/types\/page"}],"author":[{"embeddable":true,"href":"https:\/\/schweizerfinanzblog.ch\/fr\/wp-json\/wp\/v2\/users\/1"}],"replies":[{"embeddable":true,"href":"https:\/\/schweizerfinanzblog.ch\/fr\/wp-json\/wp\/v2\/comments?post=10650"}],"version-history":[{"count":17,"href":"https:\/\/schweizerfinanzblog.ch\/fr\/wp-json\/wp\/v2\/pages\/10650\/revisions"}],"predecessor-version":[{"id":15773,"href":"https:\/\/schweizerfinanzblog.ch\/fr\/wp-json\/wp\/v2\/pages\/10650\/revisions\/15773"}],"wp:attachment":[{"href":"https:\/\/schweizerfinanzblog.ch\/fr\/wp-json\/wp\/v2\/media?parent=10650"}],"curies":[{"name":"wp","href":"https:\/\/api.w.org\/{rel}","templated":true}]}}