{"id":10665,"date":"2018-09-21T15:13:20","date_gmt":"2018-09-21T13:13:20","guid":{"rendered":"https:\/\/schweizerfinanzblog.ch\/a-propos-de-nous\/"},"modified":"2026-02-06T10:55:48","modified_gmt":"2026-02-06T09:55:48","slug":"sur-nous","status":"publish","type":"page","link":"https:\/\/schweizerfinanzblog.ch\/fr\/sur-nous\/","title":{"rendered":"\u00c0 propos de nous"},"content":{"rendered":"<div class=\"\">\n\t<div class=\"container text-center ueber-uns-component\">\n\t\t<div class=\"top-part\">\n\t\t\t<h2>\u00c0 propos de nous<\/h2>\n\t\t\t<div class=\"zitat\"><h3>\u00ab\u00a0Nous ne voulons pas vous vendre un produit d&rsquo;investissement intelligent ni vous donner des conseils boursiers \u00e0 l&rsquo;\u00e9preuve de la mort\u00a0\u00bb.<\/h3>\n<\/div>\n\t\t\t<div class='text-start text-md-center'>\n\n\t\t\t<p><span style=\"font-size: 14pt;\">Nous, Stefan et Toni, sommes des investisseurs priv\u00e9s autonomes et les fondateurs de ce blog financier suisse ind\u00e9pendant.<\/span><\/p>\n<p><span style=\"font-size: 14pt;\">Nous avons pris conscience de notre passion commune pour les questions financi\u00e8res en 2017, au travail ou gr\u00e2ce \u00e0 une rencontre fortuite devant la machine \u00e0 caf\u00e9.<\/span><\/p>\n<p><span style=\"font-size: 14pt;\">Il s&rsquo;en est suivi des critiques impitoyables de livres, des appr\u00e9ciations critiques de th\u00e9ories financi\u00e8res plus ou moins \u00e9tablies et &#8211; pour les normes suisses &#8211; un \u00e9change plus ouvert que la moyenne sur nos propres investissements.<\/span><\/p>\n<p><span style=\"font-size: 14pt;\">En parlant d&rsquo;investissement, nous sommes tous deux convaincus de la n\u00e9cessit\u00e9 d&rsquo;une strat\u00e9gie d&rsquo;achat et de conservation largement diversifi\u00e9e et ax\u00e9e sur le long terme, en tenant compte de diff\u00e9rentes classes d&rsquo;actifs.<\/span><\/p>\n<p><span style=\"font-size: 14pt;\">Autre chose : nous ne voulons pas vous vendre un produit d&rsquo;investissement \u00ab\u00a0intelligent\u00a0\u00bb ni vous donner des conseils boursiers \u00ab\u00a0\u00e0 l&rsquo;\u00e9preuve de la mort\u00a0\u00bb. Au lieu de cela, nous vous aidons \u00e0 tirer le meilleur parti de votre argent et \u00e0 devenir votre propre conseiller financier.  <\/span><\/p>\n<p><span style=\"font-size: 14pt;\">Nous montrons notre attitude et notre motivation dans <a href=\"https:\/\/schweizerfinanzblog.ch\/fr\/notre-mission\/\" target=\"_blank\" rel=\"noopener\">notre mission<\/a>.<\/span><\/p>\n\n\t\t\t<\/div>\n\t\t<\/div>\n\t<\/div>\n<\/div>\n<div class=\"container-fluid person-card-wrapper\">\n    <div class=\"container\">\n        <div class=\"row\">\n                            <div class=\"col-12 col-xxl-6 person-card d-flex flex-column flex-md-row\">\n                    <img decoding=\"async\" class=\"m-auto m-md-0 m-md-3\" src=\"https:\/\/schweizerfinanzblog.ch\/wp-content\/uploads\/2019\/08\/stefan.png\" alt=\"...\">\n                    <div class=\"d-flex flex-column\">\n                        <p class=\"vorname\">Stefan<\/p>\n                        <p class=\"titel\">COFONDATEUR DU BLOG FINANCIER SUISSE<\/p>\n                        <a href=\"https:\/\/www.linkedin.com\/in\/stefan-huser-a932a5166\/\" target=\"_blank\" rel=\"noopener\">\n                            <i class=\"fab fa-linkedin-in\"><\/i>\n                        <\/a>\n                        <ul class=\"\">\n<li class=\"elementor-icon-list-item\"><span style=\"font-size: 14pt;\">Dipl\u00f4me d&rsquo;\u00e9conomiste d&rsquo;entreprise FH \/ MAS Real Estate, compl\u00e9t\u00e9 par une formation pratique de conseiller financier <\/span><\/li>\n<li class=\"elementor-icon-list-item\"><span style=\"font-size: 14pt;\">en mati\u00e8re financi\u00e8re, influenc\u00e9 par la th\u00e9orie du portefeuille de Markowitz et Kommers \u00ab\u00a0Souver\u00e4n investieren\u00a0\u00bb (Investir souverainement)<\/span><\/li>\n<li class=\"elementor-icon-list-item\"><span style=\"font-size: 14pt;\">adopte une strat\u00e9gie core-satellite avec un portefeuille d&rsquo;actions mondial compos\u00e9 d&rsquo;ETF et d&rsquo;un m\u00e9lange d&rsquo;investissements alternatifs  <\/span><\/li>\n<li class=\"elementor-icon-list-item\"><span style=\"font-size: 14pt;\">int\u00e9ress\u00e9 par les voyages, la photographie et la libert\u00e9 financi\u00e8re<\/span><\/li>\n<li class=\"elementor-icon-list-item\"><span style=\"font-size: 14pt;\">vivant avec sa famille \u00e0 Zurich<\/span><\/li>\n<\/ul>\n                    <\/div>\n                <\/div>\n                            <div class=\"col-12 col-xxl-6 person-card d-flex flex-column flex-md-row\">\n                    <img decoding=\"async\" class=\"m-auto m-md-0 m-md-3\" src=\"https:\/\/schweizerfinanzblog.ch\/wp-content\/uploads\/2019\/08\/antun.png\" alt=\"...\">\n                    <div class=\"d-flex flex-column\">\n                        <p class=\"vorname\">Antun (\u00ab\u00a0Toni\u00a0\u00bb)<\/p>\n                        <p class=\"titel\">COFONDATEUR DU BLOG FINANCIER SUISSE<\/p>\n                        <a href=\"https:\/\/www.linkedin.com\/in\/antun-brcina-704121a4\/\" target=\"_blank\" rel=\"noopener\">\n                            <i class=\"fab fa-linkedin-in\"><\/i>\n                        <\/a>\n                        <ul class=\"elementor-icon-list-items\">\n<li class=\"elementor-icon-list-item\"><span style=\"font-size: 14pt;\">M.Sc ETH G\u00e9nie m\u00e9canique \/ Master in Business Administration<\/span><\/li>\n<li class=\"elementor-icon-list-item\"><span style=\"font-size: 14pt;\">en mati\u00e8re financi\u00e8re, influenc\u00e9 par le livre de Kommer \u00ab\u00a0Souver\u00e4n investieren\u00a0\u00bb et le mod\u00e8le \u00e0 cinq facteurs de Fama-French<\/span><\/li>\n<li class=\"elementor-icon-list-item\"><span style=\"font-size: 14pt;\">investit dans un portefeuille d&rsquo;actions mondiales compos\u00e9 d&rsquo;ETF<\/span><\/li>\n<li class=\"elementor-icon-list-item\"><span style=\"font-size: 14pt;\">Int\u00e9ress\u00e9(e) par le sport, la technologie et l&rsquo;entrepreneuriat<\/span><\/li>\n<li class=\"elementor-icon-list-item\"><span style=\"font-size: 14pt;\">vivant avec sa famille dans la r\u00e9gion de Zurich<\/span><\/li>\n<\/ul>\n                    <\/div>\n                <\/div>\n            \t\t\t        <\/div>\n    <\/div>\n\t\n\t<\/div>\n\n\n\n<style>\n\t\n    .person-card{\n        padding: 20px;\n    }\n\n    .person-card a{\n        width: 30px;\n    }\n\n    .person-card i{\n        background: #36c591;\n        color: white;\n        padding: 7px;\n        margin-bottom: 1rem;\n    }\n\n    .person-card i:hover{\n        background: #4FB891;\n        color: white;\n    }\n\n    .person-card ul {\n        list-style: none;\n        color: #000;\n    }\n\t\n\t.person-card ul li{\n\t\tdisplay: block;\n    \tmargin-left: 0px;\n    \tposition: relative;\n    \tmargin-bottom: 15px;\n\t}\n\n    .person-card ul li::before {\n        content: \"\\2022\";  \/* unicode for a bullet *\/\n        color: #36c591;\n        font-weight: bold;\n        font-size: 25px;\n        display: inline-block;\n        width: 1em;\n        margin-left: -1em;\n\t\tposition:absolute;\n\t\ttop:-7px;\n    }\n\n\t\n\t.ueber-uns-component h2{\n\t\tmargin-bottom:65px!important;\n\t}\n\t\n    .titel{\n        color: #36c591;\n        font-size: 14px;\n        font-weight: 400;\n        text-transform: uppercase;\n    }\n\n    .vorname{\n        color: #000;\n        font-size: 30px;\n        font-weight: 600;\n        margin-top: 50px;\n        line-height: 1;\n    }\n\n    .person-card img{\n        height: 200px;\n        width: 200px;\n        min-height: 200px;\n        min-width: 200px;\n        object-fit: cover;\n    }\n\n    .person-card-wrapper{\n\/*         border-top: 2px dashed #d3d3d3; *\/\n        margin-top: 30px;\n        padding: 30px 0 100px 0;\n    }\n    .top-part{\n        padding-top: 30px;\n        margin-bottom: 30px;\n    }\n    .uber-uns-btn{\n        font-size: 16px;\n        font-weight: 600;\n        text-transform: uppercase;\n        color: #ffffff;\n        background-color: #36c591;\n        border: 2px solid #36c591;\n        border-radius: 0;\n        padding: 15px 40px;\n        text-decoration: none;\n        position: relative;\n        margin-top: 50px;\n        margin-bottom: 10px;\n    }\n\n    .uber-uns-btn:hover{\n        color: #36c591;\n        background-color: #fff;\n        text-decoration: none;\n    }\n\n    .top-part p{\n        color: #000;\n    }\n\n    .top-part h2{\n        padding: 0;\n        margin-bottom: 50px;\n        line-height: 1em;\n        color: #000;\n        font-size: 25px;\n        font-weight: 700;\n        position: relative;\n    }\n    .top-part h2:after{\n        content: \"\";\n        position: absolute;\n        bottom: -20px;\n        left: 0;\n        width: 200px;\n        height: auto;\n        border-bottom: 2px solid #36c591;\n        margin-left: auto;\n        margin-right: auto;\n        right: 0;\n        text-align: center;\n    }\n    .zitat{\n        font-family: Georgia,sans-serif;\n        color: #000;\n        line-height: 1.4em;\n        font-size: 1.5rem;\n        font-style: normal;\n        padding: 0 21% 30px 21%;\n    }\n\t\n\t.zitat *{\n\t\t font-family: Georgia,sans-serif;\n\t\tfont-weight:100;\n\t\tfont-style:italic;\n\t}\n    @media screen and (min-width: 1400px) {\n        .top-part h2{\n            margin-bottom: 110px;\n            font-size: 42px;\n        }\n    }\n\t@media(max-width:768px){\n\t\t.zitat{\n\t\t\tpadding: 0;\n\t\t\tpadding-bottom: 20px;\n\t\t\tfont-size: 1.1rem;\n\t\t}\n\t\t.zitat *{\n\t\t\tfont-size: 1.1rem;\n\t\t}\n\t\t.top-part h2{\n\t\t\tfont-size:37px;\n\t\t}\n\t\t.top-part h2:after{\n\t\t\twidth:100px;\n\t\t}\n\t}\n    @media (min-width: 768px){\n        .top-part{\n            padding: 100px 30px 30px;\n        }\n        .top-part h2{\n            margin-bottom: 110px;\n        }\n\t\t\n    }\n    @media (min-width: 768px) and (max-width: 1399px) {\n        .top-part h2{\n            font-size: 30px;\n        }\n    }\n\t\n<\/style>\n","protected":false},"excerpt":{"rendered":"","protected":false},"author":1,"featured_media":0,"parent":0,"menu_order":0,"comment_status":"closed","ping_status":"closed","template":"","meta":{"_acf_changed":false,"inline_featured_image":false,"footnotes":""},"class_list":["post-10665","page","type-page","status-publish","hentry"],"acf":[],"_links":{"self":[{"href":"https:\/\/schweizerfinanzblog.ch\/fr\/wp-json\/wp\/v2\/pages\/10665","targetHints":{"allow":["GET"]}}],"collection":[{"href":"https:\/\/schweizerfinanzblog.ch\/fr\/wp-json\/wp\/v2\/pages"}],"about":[{"href":"https:\/\/schweizerfinanzblog.ch\/fr\/wp-json\/wp\/v2\/types\/page"}],"author":[{"embeddable":true,"href":"https:\/\/schweizerfinanzblog.ch\/fr\/wp-json\/wp\/v2\/users\/1"}],"replies":[{"embeddable":true,"href":"https:\/\/schweizerfinanzblog.ch\/fr\/wp-json\/wp\/v2\/comments?post=10665"}],"version-history":[{"count":6,"href":"https:\/\/schweizerfinanzblog.ch\/fr\/wp-json\/wp\/v2\/pages\/10665\/revisions"}],"predecessor-version":[{"id":15596,"href":"https:\/\/schweizerfinanzblog.ch\/fr\/wp-json\/wp\/v2\/pages\/10665\/revisions\/15596"}],"wp:attachment":[{"href":"https:\/\/schweizerfinanzblog.ch\/fr\/wp-json\/wp\/v2\/media?parent=10665"}],"curies":[{"name":"wp","href":"https:\/\/api.w.org\/{rel}","templated":true}]}}