{"id":10697,"date":"2019-09-10T06:50:14","date_gmt":"2019-09-10T04:50:14","guid":{"rendered":"https:\/\/schweizerfinanzblog.ch\/que-sont-les-etf\/"},"modified":"2024-12-16T09:47:04","modified_gmt":"2024-12-16T08:47:04","slug":"que-sont-les-etf","status":"publish","type":"page","link":"https:\/\/schweizerfinanzblog.ch\/fr\/que-sont-les-etf\/","title":{"rendered":"Que sont les ETF ?"},"content":{"rendered":"\n\n<div class=\"container\" id=\"content-component\">\n    <h1>Que sont les ETF ?<\/h1>\n<p>  Si vous vous \u00eates d\u00e9j\u00e0 familiaris\u00e9 avec notre blog, vous avez sans doute remarqu\u00e9 que nous sommes de grands fans des ETF. Et oui, cet instrument d&rsquo;investissement passif, largement diversifi\u00e9 et super avantageux nous a en effet beaucoup s\u00e9duits. Nous sommes en effet convaincus que les ETF offrent des possibilit\u00e9s d&rsquo;investissement presque parfaites, en particulier pour tout investisseur priv\u00e9 rationnel et autonome. C&rsquo;est pourquoi nous avons cr\u00e9\u00e9 pour vous une <b>infographie sur<\/b> les ETF, facile \u00e0 comprendre, qui vous informe de mani\u00e8re concise sur les principales caract\u00e9ristiques des ETF, leurs avantages et inconv\u00e9nients, ainsi que sur quelques faits historiques.     <img decoding=\"async\" src=\"https:\/\/testblog.webovita.ch\/wp-content\/uploads\/2019\/09\/exchange-traded-funds.jpg\" sizes=\"(max-width: 1569px) 100vw, 1569px\" srcset=\"https:\/\/i2.wp.com\/schweizerfinanzblog.ch\/wp-content\/uploads\/2019\/09\/exchange-traded-funds.jpg?w=1569&amp;ssl=1 1569w, https:\/\/i2.wp.com\/schweizerfinanzblog.ch\/wp-content\/uploads\/2019\/09\/exchange-traded-funds.jpg?resize=768%2C4009&amp;ssl=1 768w\" alt=\"Que sont les ETF ?\" width=\"1569\" height=\"8190\"><\/p>\n<h2>Que sont les ETF ? En bref <\/h2>\n<p>  Un fonds n\u00e9goci\u00e9 en bourse (ETF) est un fonds d&rsquo;investissement qui est n\u00e9goci\u00e9 sur une bourse, comme une action. Les ETF sont similaires aux fonds d&rsquo;investissement, \u00e0 la diff\u00e9rence que les parts d&rsquo;ETF peuvent \u00eatre achet\u00e9es et vendues tout au long de la journ\u00e9e de n\u00e9gociation. Les fonds d&rsquo;investissement ne sont n\u00e9goci\u00e9s qu&rsquo;\u00e0 la cl\u00f4ture de la bourse. Les ETF offrent les meilleures caract\u00e9ristiques de deux investissements populaires : ils ont les avantages de diversification des fonds communs de placement tout en imitant la simplicit\u00e9 avec laquelle les actions sont n\u00e9goci\u00e9es. Comme tout produit financier, les ETF ne sont pas une solution unique. Jugez-les en fonction de leurs m\u00e9rites propres, y compris les frais de gestion et les commissions (le cas \u00e9ch\u00e9ant), de la facilit\u00e9 avec laquelle vous pouvez les acheter ou les vendre, et de la qualit\u00e9 de leur investissement.       <\/p>\n<h2>ETF = Exchange-traded fund = Fonds n\u00e9goci\u00e9 en bourse<\/h2>\n<p>  Un fonds n\u00e9goci\u00e9 en bourse &#8211; plus connu sous l&rsquo;acronyme \u00ab\u00a0ETF\u00a0\u00bb &#8211; est un fonds qui peut \u00eatre n\u00e9goci\u00e9 en bourse comme une action (d&rsquo;o\u00f9 son nom). Les ETF vous permettent d&rsquo;acheter et de vendre un panier d&rsquo;actifs sans avoir \u00e0 acheter tous les composants individuellement. Un ETF fonctionne de la mani\u00e8re suivante : Le fournisseur du fonds poss\u00e8de les actifs sous-jacents, con\u00e7oit un fonds qui refl\u00e8te leur performance, puis vend des parts de ce fonds aux investisseurs. Les actionnaires poss\u00e8dent une partie d&rsquo;un ETF, mais ils ne poss\u00e8dent pas les actifs sous-jacents dans le fonds. N\u00e9anmoins, les investisseurs dans un ETF qui suit un indice boursier re\u00e7oivent des paiements de dividendes forfaitaires ou des r\u00e9investissements pour les actions qui composent l&rsquo;indice. Alors que les ETF sont con\u00e7us pour r\u00e9pliquer la valeur d&rsquo;un actif ou d&rsquo;un indice sous-jacent &#8211; qu&rsquo;il s&rsquo;agisse d&rsquo;une mati\u00e8re premi\u00e8re comme l&rsquo;or ou d&rsquo;un panier d&rsquo;actions comme le Swiss Market Index &#8211; ils sont n\u00e9goci\u00e9s \u00e0 des prix d\u00e9termin\u00e9s par le march\u00e9, qui sont g\u00e9n\u00e9ralement diff\u00e9rents de ceux de cet actif. De plus, les rendements \u00e0 plus long terme d&rsquo;un ETF peuvent diff\u00e9rer de ceux de l&rsquo;actif sous-jacent en raison de facteurs tels que les co\u00fbts.        <\/p>\n<h2>Comment fonctionnent les ETF &#8211; expliqu\u00e9 en 3 \u00e9tapes<\/h2>\n<ol>\n<li>Un fournisseur d&rsquo;ETF consid\u00e8re l&rsquo;univers des actifs, y compris les actions, les obligations, les mati\u00e8res premi\u00e8res ou les devises, et cr\u00e9e un panier avec un ticker unique.<\/li>\n<li>Les investisseurs peuvent acheter une part de ce panier, tout comme ils ach\u00e8tent des actions d&rsquo;une soci\u00e9t\u00e9.<\/li>\n<li>L&rsquo;acheteur et le vendeur n\u00e9gocient l&rsquo;ETF toute la journ\u00e9e sur un march\u00e9 boursier, comme pour une action.<\/li>\n<\/ol>\n<h2>Diff\u00e9rence entre ETF vs. fonds d&rsquo;investissement vs. actions<\/h2>\n<p>  En g\u00e9n\u00e9ral, les ETF ont des frais plus faibles que les fonds d&rsquo;investissement &#8211; ce qui explique en grande partie leur attrait. Alors que le fonds d&rsquo;actions CH moyen facture 1,42% de frais de gestion annuels &#8211; ce que l&rsquo;on appelle le ratio de frais -, les frais pour l&rsquo;ETF actions moyen sont de 0,53%. Au sein d&rsquo;un fonds d&rsquo;investissement (en particulier les fonds g\u00e9r\u00e9s activement), il y a g\u00e9n\u00e9ralement plus de transactions que dans un ETF, et ces achats et ventes peuvent g\u00e9n\u00e9rer des gains en capital. De m\u00eame, lorsque les investisseurs souhaitent vendre un fonds commun de placement, le gestionnaire doit obtenir des liquidit\u00e9s en vendant des titres, ce qui peut \u00e9galement g\u00e9n\u00e9rer des gains en capital. Dans les deux cas, les investisseurs doivent payer ces imp\u00f4ts. Les ETF sont de plus en plus populaires, mais le nombre de fonds d&rsquo;investissement disponibles est toujours plus \u00e9lev\u00e9. Les deux produits ont \u00e9galement des structures de gestion diff\u00e9rentes (typiquement active pour les fonds communs de placement, passive pour les ETF, bien qu&rsquo;il existe \u00e9galement des ETF g\u00e9r\u00e9s activement). Comme les actions, les ETF peuvent \u00eatre n\u00e9goci\u00e9s en bourse et ont des symboles de ticker uniques qui vous permettent de suivre leur activit\u00e9 de prix. Il y a SPY pour l&rsquo;un des ETF qui r\u00e9pliquent le S&amp;P 500, et des symboles amusants comme CYBER pour un fonds de cybers\u00e9curit\u00e9 et FONE pour un ETF ax\u00e9 sur les smartphones. Mais les similitudes s&rsquo;arr\u00eatent l\u00e0, car les ETF repr\u00e9sentent un panier d&rsquo;actifs, tandis qu&rsquo;une action ne repr\u00e9sente qu&rsquo;une seule soci\u00e9t\u00e9.           <\/p>\n<h2>4 types d&rsquo;ETF : les ETF sur actions dominent le march\u00e9<\/h2>\n<p>  Bien que les ETF se n\u00e9gocient comme des actions, sous le capot, ils ressemblent davantage \u00e0 des fonds communs de placement et \u00e0 des fonds indiciels, qui peuvent \u00eatre tr\u00e8s diff\u00e9rents en termes d&rsquo;actifs sous-jacents et d&rsquo;objectifs d&rsquo;investissement. Vous trouverez ci-dessous quelques types d&rsquo;ETF courants &#8211; mais sachez que ces cat\u00e9gories ne sont pas mutuellement exclusives. Par exemple, un ETF sur actions peut \u00e9galement \u00eatre bas\u00e9 sur un indice et vice versa. Ces ETF ne sont pas cat\u00e9goris\u00e9s en fonction du type de gestion (passive ou active), mais en fonction du type d&rsquo;actifs d\u00e9tenus par l&rsquo;ETF.     <\/p>\n<h2>Actions ETF<\/h2>\n<p>  Ils comprennent des actions et sont g\u00e9n\u00e9ralement con\u00e7us pour une croissance \u00e0 long terme. Bien qu&rsquo;ils soient g\u00e9n\u00e9ralement moins risqu\u00e9s que les actions individuelles, ils sont un peu plus risqu\u00e9s que certains des autres ETF mentionn\u00e9s ici, comme les ETF obligataires.   <\/p>\n<h2>ETF sur mati\u00e8res premi\u00e8res<\/h2>\n<p>  Les mati\u00e8res premi\u00e8res sont des produits de base qui peuvent \u00eatre achet\u00e9s ou vendus, comme l&rsquo;or, le caf\u00e9 et le p\u00e9trole brut. Les ETF sur mati\u00e8res premi\u00e8res vous permettent de regrouper ces titres en un seul investissement. Il est particuli\u00e8rement important de savoir ce que contiennent les ETF sur mati\u00e8res premi\u00e8res &#8211; avez-vous une participation dans les stocks physiques de la mati\u00e8re premi\u00e8re dans le fonds ou poss\u00e9dez-vous des actions de soci\u00e9t\u00e9s qui produisent, transportent et stockent ces biens ? L&rsquo;ETF contient-il des contrats \u00e0 terme ? La mati\u00e8re premi\u00e8re est-elle consid\u00e9r\u00e9e comme un \u00ab\u00a0bien de collection\u00a0\u00bb aux yeux de l&rsquo;IRS ? Ces facteurs peuvent avoir de graves cons\u00e9quences fiscales et entra\u00eener des niveaux de risque diff\u00e9rents.       <\/p>\n<h2>ETFs obligataires<\/h2>\n<p>  Contrairement aux obligations individuelles, les ETFs obligataires n&rsquo;ont pas de date d&rsquo;\u00e9ch\u00e9ance, donc leur utilisation la plus courante est de g\u00e9n\u00e9rer des paiements r\u00e9guliers en esp\u00e8ces \u00e0 l&rsquo;investisseur. Ces paiements proviennent des int\u00e9r\u00eats g\u00e9n\u00e9r\u00e9s par les obligations individuelles au sein du fonds. Les ETF obligataires peuvent \u00eatre un excellent compl\u00e9ment, moins risqu\u00e9, aux ETF d&rsquo;actions.    <\/p>\n<h2>ETF sectoriels<\/h2>\n<p>  Le march\u00e9 des actions suisse est divis\u00e9 en 11 secteurs, chacun \u00e9tant compos\u00e9 de soci\u00e9t\u00e9s op\u00e9rant au sein de ce secteur. Les ETF sectoriels offrent la possibilit\u00e9 d&rsquo;investir dans des soci\u00e9t\u00e9s sp\u00e9cifiques au sein de ces secteurs, comme les secteurs de la sant\u00e9, de la finance ou de l&rsquo;industrie. Ils peuvent \u00eatre particuli\u00e8rement utiles aux investisseurs qui suivent les cycles \u00e9conomiques, car certains secteurs ont tendance \u00e0 mieux se comporter en p\u00e9riode d&rsquo;expansion et d&rsquo;autres en p\u00e9riode de contraction. Souvent, ces ETF sont associ\u00e9s \u00e0 un risque plus \u00e9lev\u00e9 que les ETF \u00e0 large spectre du march\u00e9.     <\/p>\n<h2>Avantages des ETF<\/h2>\n<h4>Diversification<\/h4>\n<p>  Alors qu&rsquo;il est facile de penser \u00e0 la diversification en termes de verticalit\u00e9 du march\u00e9 au sens large &#8211; actions, obligations ou une mati\u00e8re premi\u00e8re sp\u00e9cifique, par exemple &#8211; les ETF permettent \u00e9galement aux investisseurs de se diversifier sur des horizontales, comme les industries. Il faudrait beaucoup d&rsquo;argent et d&rsquo;efforts pour acheter tous les composants d&rsquo;un panier donn\u00e9, mais en cliquant sur un bouton, un ETF fournit ces avantages \u00e0 votre portefeuille.   <\/p>\n<h4>Transparence<\/h4>\n<p>  Toute personne disposant d&rsquo;un acc\u00e8s \u00e0 Internet peut rechercher l&rsquo;activit\u00e9 des cours d&rsquo;un ETF donn\u00e9 sur un march\u00e9 boursier. En outre, les positions d&rsquo;un fonds sont annonc\u00e9es au public quotidiennement, alors que cela se fait mensuellement ou trimestriellement pour les fonds d&rsquo;investissement.   <\/p>\n<h4>Frais bas<\/h4>\n<p>  Toute personne disposant d&rsquo;un acc\u00e8s \u00e0 Internet peut rechercher l&rsquo;activit\u00e9 des cours d&rsquo;un ETF donn\u00e9 sur un march\u00e9 boursier. En outre, les positions d&rsquo;un fonds sont annonc\u00e9es au public quotidiennement, alors que cela se fait mensuellement ou trimestriellement pour les fonds d&rsquo;investissement. https:\/\/www.youtube.com\/watch?v=wCTCXoZNsHE  <\/p>\n<\/div>\n\n<style>\n    #content-component{\n\t\tcolor: #000 \/* rgb(102,102,102);*\/\n    }\n\t\n\t#content-component img{\n\t\twidth:100%;\n\t\theight:auto;\n\t}\n\t\n\t#content-component iframe{\n\t\tmax-width:100%;\n\t}\n\t\n\t@media (max-width:992px){\n\t\th2{\n\t\t\tfont-size:2rem;\n\t\t}\n\t}\n<\/style>\n","protected":false},"excerpt":{"rendered":"","protected":false},"author":1,"featured_media":0,"parent":0,"menu_order":0,"comment_status":"closed","ping_status":"closed","template":"","meta":{"_acf_changed":false,"inline_featured_image":false,"footnotes":""},"class_list":["post-10697","page","type-page","status-publish","hentry"],"acf":[],"_links":{"self":[{"href":"https:\/\/schweizerfinanzblog.ch\/fr\/wp-json\/wp\/v2\/pages\/10697","targetHints":{"allow":["GET"]}}],"collection":[{"href":"https:\/\/schweizerfinanzblog.ch\/fr\/wp-json\/wp\/v2\/pages"}],"about":[{"href":"https:\/\/schweizerfinanzblog.ch\/fr\/wp-json\/wp\/v2\/types\/page"}],"author":[{"embeddable":true,"href":"https:\/\/schweizerfinanzblog.ch\/fr\/wp-json\/wp\/v2\/users\/1"}],"replies":[{"embeddable":true,"href":"https:\/\/schweizerfinanzblog.ch\/fr\/wp-json\/wp\/v2\/comments?post=10697"}],"version-history":[{"count":1,"href":"https:\/\/schweizerfinanzblog.ch\/fr\/wp-json\/wp\/v2\/pages\/10697\/revisions"}],"predecessor-version":[{"id":10700,"href":"https:\/\/schweizerfinanzblog.ch\/fr\/wp-json\/wp\/v2\/pages\/10697\/revisions\/10700"}],"wp:attachment":[{"href":"https:\/\/schweizerfinanzblog.ch\/fr\/wp-json\/wp\/v2\/media?parent=10697"}],"curies":[{"name":"wp","href":"https:\/\/api.w.org\/{rel}","templated":true}]}}